{"id":6185,"date":"2025-09-14T08:34:20","date_gmt":"2025-09-14T06:34:20","guid":{"rendered":"https:\/\/www.giochideleporte.it\/?page_id=6185"},"modified":"2025-09-14T20:56:06","modified_gmt":"2025-09-14T18:56:06","slug":"taverne","status":"publish","type":"page","link":"https:\/\/www.giochideleporte.it\/?page_id=6185","title":{"rendered":"Taverne"},"content":{"rendered":"<div class=\"wpb-content-wrapper\"><p>[vc_row full_width=&#8221;stretch_row&#8221; css=&#8221;.vc_custom_1757835697772{background-color: #FCFCFC00 !important;}&#8221;][vc_column css=&#8221;.vc_custom_1498141822791{padding-top: 0px !important;}&#8221;][vc_custom_heading text=&#8221;Le Taverne&#8221; font_container=&#8221;tag:h2|font_size:60|text_align:center&#8221; google_fonts=&#8221;font_family:Germania%20One%3Aregular|font_style:400%20regular%3A400%3Anormal&#8221; css_animation=&#8221;fadeIn&#8221; css=&#8221;&#8221;][vc_column_text css=&#8221;&#8221;]<\/p>\n<p style=\"text-align: center;\"><\/p>\n<p>Le Taverne delle quattro Porte sono dislocate sulle vecchie vie di accesso alla citt\u00e0, rappresentano il luogo ideale per i portaioli per condividere il clima di festa dei tre giorni, bevendo e mangiando tutti insieme.<\/p>\n<p>Le taverne sono gestite da cuochi esperti e volontari e in questi luoghi \u00e8 possibile degustare menu tipici umbri e della tradizione antica e medievale.<\/p>\n<p>\u00c8 sicuramente il luogo ideale per tutti i turisti! Qu\u00ec potrai conoscere la vera anima della festa e socializzare con tutti i portaioli, in un clima di perfetta convivialit\u00e0.<\/p>\n<p><strong>Le taverne per l\u2019occasione rimangono aperte per tutti i tre giorni della festa neglio orari serali.<\/strong><\/p>\n<p style=\"text-align: center;\"><\/p>\n<p>[\/vc_column_text][\/vc_column][\/vc_row][vc_row gap=&#8221;5&#8243;][vc_column width=&#8221;1\/2&#8243;][vc_single_image image=&#8221;5866&#8243; alignment=&#8221;center&#8221; css=&#8221;&#8221;][vc_column_text css=&#8221;&#8221;]<\/p>\n<p style=\"text-align: center;\"><a href=\"https:\/\/maps.app.goo.gl\/dqtj6Aq7mxC25nAe9\"><strong>Clicca per Google Maps<\/strong><\/a><br>Via Soprammuro<br><br><\/p>\n<p>[\/vc_column_text][vc_single_image image=&#8221;5868&#8243; alignment=&#8221;center&#8221; css=&#8221;&#8221;][vc_column_text css=&#8221;&#8221;]<\/p>\n<p style=\"text-align: center;\"><a href=\"https:\/\/maps.app.goo.gl\/9z9ZNmBmgpaXD3fR9\"><strong>Clicca per Google Maps<\/strong><\/a><br>Via Nucci<br><br><\/p>\n<p>[\/vc_column_text][\/vc_column][vc_column width=&#8221;1\/2&#8243;][vc_single_image image=&#8221;5867&#8243; alignment=&#8221;center&#8221; css=&#8221;&#8221;][vc_column_text css=&#8221;&#8221;]<\/p>\n<p style=\"text-align: center;\"><a href=\"https:\/\/maps.app.goo.gl\/fumiVwGLXFDp4rZp8\"><strong>Clicca per Google Maps<\/strong><\/a><br>Via Guerrieri<br><br><\/p>\n<p>[\/vc_column_text][vc_single_image image=&#8221;5869&#8243; alignment=&#8221;center&#8221; css=&#8221;&#8221;][vc_column_text css=&#8221;&#8221;]<\/p>\n<p style=\"text-align: center;\"><a href=\"https:\/\/maps.app.goo.gl\/2x3oqmZ7Ry66tov68\"><strong>Clicca per Google Maps<\/strong><\/a><br>Via Imbriani<br><br><\/p>\n<p>[\/vc_column_text][\/vc_column][\/vc_row][vc_row][vc_column][vc_single_image image=&#8221;6241&#8243; img_size=&#8221;full&#8221; alignment=&#8221;center&#8221; css=&#8221;&#8221;][\/vc_column][\/vc_row]<\/p>\n<\/div>","protected":false},"excerpt":{"rendered":"<p>[vc_row full_width=&#8221;stretch_row&#8221; css=&#8221;.vc_custom_1757835697772{background-color: #FCFCFC00 !important;}&#8221;][vc_column css=&#8221;.vc_custom_1498141822791{padding-top: 0px !important;}&#8221;][vc_custom_heading text=&#8221;Le Taverne&#8221; font_container=&#8221;tag:h2|font_size:60|text_align:center&#8221; google_fonts=&#8221;font_family:Germania%20One%3Aregular|font_style:400%20regular%3A400%3Anormal&#8221; css_animation=&#8221;fadeIn&#8221; css=&#8221;&#8221;][vc_column_text css=&#8221;&#8221;] [\/vc_column_text][\/vc_column][\/vc_row][vc_row gap=&#8221;5&#8243;][vc_column width=&#8221;1\/2&#8243;][vc_single_image image=&#8221;5866&#8243; alignment=&#8221;center&#8221; css=&#8221;&#8221;][vc_column_text css=&#8221;&#8221;] Clicca per Google MapsVia Soprammuro [\/vc_column_text][vc_single_image image=&#8221;5868&#8243; alignment=&#8221;center&#8221; css=&#8221;&#8221;][vc_column_text css=&#8221;&#8221;] Clicca per Google MapsVia Nucci [\/vc_column_text][\/vc_column][vc_column width=&#8221;1\/2&#8243;][vc_single_image image=&#8221;5867&#8243; alignment=&#8221;center&#8221; css=&#8221;&#8221;][vc_column_text css=&#8221;&#8221;] Clicca per Google MapsVia Guerrieri [\/vc_column_text][vc_single_image image=&#8221;5869&#8243; alignment=&#8221;center&#8221; css=&#8221;&#8221;][vc_column_text css=&#8221;&#8221;] Clicca per&hellip;<\/p>\n","protected":false},"author":1,"featured_media":0,"parent":0,"menu_order":0,"comment_status":"closed","ping_status":"closed","template":"","meta":{"_acf_changed":false,"inline_featured_image":false,"footnotes":""},"class_list":["post-6185","page","type-page","status-publish","hentry"],"acf":[],"_links":{"self":[{"href":"https:\/\/www.giochideleporte.it\/index.php?rest_route=\/wp\/v2\/pages\/6185","targetHints":{"allow":["GET"]}}],"collection":[{"href":"https:\/\/www.giochideleporte.it\/index.php?rest_route=\/wp\/v2\/pages"}],"about":[{"href":"https:\/\/www.giochideleporte.it\/index.php?rest_route=\/wp\/v2\/types\/page"}],"author":[{"embeddable":true,"href":"https:\/\/www.giochideleporte.it\/index.php?rest_route=\/wp\/v2\/users\/1"}],"replies":[{"embeddable":true,"href":"https:\/\/www.giochideleporte.it\/index.php?rest_route=%2Fwp%2Fv2%2Fcomments&post=6185"}],"version-history":[{"count":3,"href":"https:\/\/www.giochideleporte.it\/index.php?rest_route=\/wp\/v2\/pages\/6185\/revisions"}],"predecessor-version":[{"id":6242,"href":"https:\/\/www.giochideleporte.it\/index.php?rest_route=\/wp\/v2\/pages\/6185\/revisions\/6242"}],"wp:attachment":[{"href":"https:\/\/www.giochideleporte.it\/index.php?rest_route=%2Fwp%2Fv2%2Fmedia&parent=6185"}],"curies":[{"name":"wp","href":"https:\/\/api.w.org\/{rel}","templated":true}]}}