{"id":6180,"date":"2025-09-14T08:34:20","date_gmt":"2025-09-14T06:34:20","guid":{"rendered":"https:\/\/www.giochideleporte.it\/?page_id=6180"},"modified":"2025-09-14T16:01:52","modified_gmt":"2025-09-14T14:01:52","slug":"la-bastola","status":"publish","type":"page","link":"https:\/\/www.giochideleporte.it\/?page_id=6180","title":{"rendered":"La Bastola"},"content":{"rendered":"<div class=\"wpb-content-wrapper\"><p>[vc_row full_width=&#8221;stretch_row&#8221; css=&#8221;.vc_custom_1757835697772{background-color: #FCFCFC00 !important;}&#8221;][vc_column css=&#8221;.vc_custom_1498141822791{padding-top: 0px !important;}&#8221;][vc_custom_heading text=&#8221;La Bastola&#8221; font_container=&#8221;tag:h2|font_size:60|text_align:center&#8221; google_fonts=&#8221;font_family:Germania%20One%3Aregular|font_style:400%20regular%3A400%3Anormal&#8221; css_animation=&#8221;fadeIn&#8221; css=&#8221;&#8221;][vc_single_image image=&#8221;546&#8243; img_size=&#8221;full&#8221; alignment=&#8221;center&#8221; css=&#8221;&#8221;][vc_column_text css=&#8221;&#8221;]<\/p>\n<p style=\"text-align: center;\"><\/p>\n<p>Il suo <strong>vero nome era Bartola<\/strong>, ma i cittadini di Gualdo Tadino la chiamavano per disprezzo <strong>Bastola<\/strong>. <br><br>Era una donna di bell\u2019aspetto, appena imperativa nei lineamenti del volto, intagliati per contrasto nel biondo splendore dei capelli. Nessuno era in possesso di informazioni circa le sue origini, essendo rimasta orfana all\u2019et\u00e0 di quindici anni. Ma in compenso tutti erano concordi nel considerarla una donna incline a soddisfare, con facilit\u00e0, i piaceri carnali di tutti i cavalieri e i contadini che transitavano nei pressi della baracca, in localit\u00e0 Caprara, dove ella dimorava. Ovviamente tra i detrattori non mancavano, in quel fatidico anno 1237, coloro che la ritenevano dedita anche alla pratica della stregoneria. <br>Ma quando un giorno la felicit\u00e0 fece finalmente capolino anche nella sua vita, rancore e invidia non solo infransero i suoi sogni ma segnarono anche una funesta data storica.<br><br>Questo breve libro, caratterizzato da un formato molto ridotto ma non per questo meno accurato, introduce il lettore nelle vaghe atmosfere di una Gualdo Tadino antica, come in un quadro chiarificatore storico ed insieme anche un po\u2019 immaginario. Ne \u00e8 autore Francesco Giubilei, cultore di storia ed editore cesenate nelle cui vene scorre sangue gualdese. Con gradevole facilit\u00e0 di scrittura e geniale capacit\u00e0 evocativa, ricostruisce qui l\u2019amara parabola di una leggendaria figura della storia medievale che, facile preda di una societ\u00e0 misogina e incline alla superstizione, giunge a compiere un eclatante atto di estrema vendetta. Il gesto di una donna vilipesa e oltraggiata, legato ad una vicenda storica mai del tutto chiarita, rappresenta per l\u2019autore il tragico epilogo di una complessa crisi di accettazione, in una societ\u00e0 estranea e ostile, la storia di un desiderio frustrato e di un gesto tanto disperato quanto spietato.<\/p>\n<p style=\"text-align: center;\"><\/p>\n<p>[\/vc_column_text][\/vc_column][\/vc_row][vc_row css=&#8221;.vc_custom_1757858437109{background-color: #FCFCFC00 !important;background-position: center !important;background-repeat: no-repeat !important;background-size: cover !important;}&#8221;][vc_column][\/vc_column][\/vc_row]<\/p>\n<\/div>","protected":false},"excerpt":{"rendered":"<p>[vc_row full_width=&#8221;stretch_row&#8221; css=&#8221;.vc_custom_1757835697772{background-color: #FCFCFC00 !important;}&#8221;][vc_column css=&#8221;.vc_custom_1498141822791{padding-top: 0px !important;}&#8221;][vc_custom_heading text=&#8221;La Bastola&#8221; font_container=&#8221;tag:h2|font_size:60|text_align:center&#8221; google_fonts=&#8221;font_family:Germania%20One%3Aregular|font_style:400%20regular%3A400%3Anormal&#8221; css_animation=&#8221;fadeIn&#8221; css=&#8221;&#8221;][vc_single_image image=&#8221;546&#8243; img_size=&#8221;full&#8221; alignment=&#8221;center&#8221; css=&#8221;&#8221;][vc_column_text css=&#8221;&#8221;] [\/vc_column_text][\/vc_column][\/vc_row][vc_row css=&#8221;.vc_custom_1757858437109{background-color: #FCFCFC00 !important;background-position: center !important;background-repeat: no-repeat !important;background-size: cover !important;}&#8221;][vc_column][\/vc_column][\/vc_row]<\/p>\n","protected":false},"author":1,"featured_media":0,"parent":0,"menu_order":0,"comment_status":"closed","ping_status":"closed","template":"","meta":{"_acf_changed":false,"inline_featured_image":false,"footnotes":""},"class_list":["post-6180","page","type-page","status-publish","hentry"],"acf":[],"_links":{"self":[{"href":"https:\/\/www.giochideleporte.it\/index.php?rest_route=\/wp\/v2\/pages\/6180","targetHints":{"allow":["GET"]}}],"collection":[{"href":"https:\/\/www.giochideleporte.it\/index.php?rest_route=\/wp\/v2\/pages"}],"about":[{"href":"https:\/\/www.giochideleporte.it\/index.php?rest_route=\/wp\/v2\/types\/page"}],"author":[{"embeddable":true,"href":"https:\/\/www.giochideleporte.it\/index.php?rest_route=\/wp\/v2\/users\/1"}],"replies":[{"embeddable":true,"href":"https:\/\/www.giochideleporte.it\/index.php?rest_route=%2Fwp%2Fv2%2Fcomments&post=6180"}],"version-history":[{"count":2,"href":"https:\/\/www.giochideleporte.it\/index.php?rest_route=\/wp\/v2\/pages\/6180\/revisions"}],"predecessor-version":[{"id":6183,"href":"https:\/\/www.giochideleporte.it\/index.php?rest_route=\/wp\/v2\/pages\/6180\/revisions\/6183"}],"wp:attachment":[{"href":"https:\/\/www.giochideleporte.it\/index.php?rest_route=%2Fwp%2Fv2%2Fmedia&parent=6180"}],"curies":[{"name":"wp","href":"https:\/\/api.w.org\/{rel}","templated":true}]}}